{"id":82,"date":"2021-06-30T10:14:19","date_gmt":"2021-06-30T08:14:19","guid":{"rendered":"http:\/\/holzzentralblatt.pl\/?page_id=82"},"modified":"2021-06-30T19:32:16","modified_gmt":"2021-06-30T17:32:16","slug":"holz-zentralblatt-polska-drw-verlag","status":"publish","type":"page","link":"https:\/\/holzzentralblatt.pl\/","title":{"rendered":""},"content":{"rendered":"\n<p class=\"has-text-align-center has-text-color\" style=\"color:#00a332;font-size:18px\"><strong>Wiod\u0105ca gazeta bran\u017cy le\u015bnej i drzewnej.<\/strong><\/p>\n\n\n\n<p class=\"has-text-align-center has-text-color\" style=\"color:#00a332;font-size:18px\"><strong>Holz-Zentralblatt jest ju\u017c w Polsce<\/strong>.<\/p>\n\n\n\n<p class=\"has-text-align-center has-dark-gray-color has-text-color has-background\" style=\"background-color:#cfe981;font-size:17px\"><span class=\"has-inline-color has-dark-gray-color\"><strong>\u201eHolz-Zentralblatt\u201c<\/strong> jest wiod\u0105cym w Niemczech czasopismem specjalistycznym dla gospodarki le\u015bnej i drzewnej. Gazeta wydawana jest od <strong>144 lat<\/strong>, posiada prenumerator\u00f3w w <strong>143<\/strong> krajach \u015awiata. Co tydzie\u0144 10.000 prenumerator\u00f3w czyta najwa\u017cniejsze wiadomo\u015bci i \u015bledzi rozw\u00f3j sytuacji w gospodarce, nauce i polityce. Opr\u00f3cz tego najwa\u017cniejsze wydarzenia s\u0105 codziennie przesy\u0142ane do ponad 2.500 czytelnik\u00f3w jako newslettery bezpo\u015brednio na ich komputery. Zakres tematyki rozci\u0105ga si\u0119 od hodowli lasu po zastosowanie drewna w budownictwie i przemy\u015ble meblarskim. Zmiany politycznych uwarunkowa\u0144, a tak\u017ce szkody spowodowane przez huragany czy zmiany w technologii produkcji s\u0105 w swych oddzia\u0142ywaniach widoczne w \u201eHolz-Zentralblatt\u201c poprzez ca\u0142y \u0142a\u0144cuch wykorzystania surowca drzewnego. Regularne tematyczne wydania specjalne koncentruj\u0105 si\u0119 w ca\u0142o\u015bci na takich wa\u017cnych tematach specjalnych, jak energia i przemys\u0142 tartaczny, na imprezach targowych (m. in. \u201eLigna\u201c i \u201eInterzum\u201c) albo na krajach i regionach (m. in. \u201eFrancja\u201c, \u201eW\u0142ochy\u201c i \u201eSkandynawia\u201c). Kto chce by\u0107 na bie\u017c\u0105co z rozwojem sytuacji w ca\u0142ej bran\u017cy drzewnej na niemieckim obszarze j\u0119zykowym, uzyska w \u201eHolz-Zentralblatt\u201c informacje wysokiej jako\u015bci!<\/span><\/p>\n\n\n\n<div class=\"wp-block-media-text alignwide is-stacked-on-mobile\" style=\"grid-template-columns:45% auto\"><figure class=\"wp-block-media-text__media\"><img loading=\"lazy\" decoding=\"async\" width=\"351\" height=\"468\" src=\"http:\/\/holzzentralblatt.pl\/wp-content\/uploads\/2021\/06\/HZ-gazeta.jpg\" alt=\"\" class=\"wp-image-44 size-full\" srcset=\"https:\/\/holzzentralblatt.pl\/wp-content\/uploads\/2021\/06\/HZ-gazeta.jpg 351w, https:\/\/holzzentralblatt.pl\/wp-content\/uploads\/2021\/06\/HZ-gazeta-225x300.jpg 225w\" sizes=\"auto, (max-width: 351px) 100vw, 351px\" \/><\/figure><div class=\"wp-block-media-text__content\">\n<p class=\"has-text-align-center has-white-color has-blue-background-color has-text-color has-background\" style=\"font-size:17px\">Warto przedstawi\u0107 informacje o Pa\u0144stwa firmie w prasie niemieckiej, daje to mo\u017cliwo\u015b\u0107 pozyskania klient\u00f3w z Pa\u0144stw niemieckoj\u0119zycznych gdzie lasy, przemys\u0142 drzewny meblarstwo, maszyny do produkcji ma niezmiernie du\u017ce znaczenie. Przyjmujemy Pa\u0144stwa og\u0142oszenia do naszych czasopism.Najwi\u0119ksze wydawnictwo w \u015awiecie zajmuj\u0105ce si\u0119 drewnem, meblami, stolark\u0105, okleinami, maszynami do odr\u00f3bki drewna i przemys\u0142u meblarskiego<\/p>\n<\/div><\/div>\n\n\n\n<p class=\"has-drop-cap\"><\/p>\n\n\n\n<div class=\"wp-block-media-text alignwide is-stacked-on-mobile is-vertically-aligned-top\" style=\"grid-template-columns:51% auto\"><figure class=\"wp-block-media-text__media\"><img loading=\"lazy\" decoding=\"async\" width=\"512\" height=\"512\" src=\"http:\/\/holzzentralblatt.pl\/wp-content\/uploads\/2021\/06\/cropped-DRW.jpg\" alt=\"\" class=\"wp-image-77 size-medium\" srcset=\"https:\/\/holzzentralblatt.pl\/wp-content\/uploads\/2021\/06\/cropped-DRW.jpg 512w, https:\/\/holzzentralblatt.pl\/wp-content\/uploads\/2021\/06\/cropped-DRW-300x300.jpg 300w, https:\/\/holzzentralblatt.pl\/wp-content\/uploads\/2021\/06\/cropped-DRW-150x150.jpg 150w, https:\/\/holzzentralblatt.pl\/wp-content\/uploads\/2021\/06\/cropped-DRW-270x270.jpg 270w, https:\/\/holzzentralblatt.pl\/wp-content\/uploads\/2021\/06\/cropped-DRW-192x192.jpg 192w, https:\/\/holzzentralblatt.pl\/wp-content\/uploads\/2021\/06\/cropped-DRW-180x180.jpg 180w, https:\/\/holzzentralblatt.pl\/wp-content\/uploads\/2021\/06\/cropped-DRW-32x32.jpg 32w\" sizes=\"auto, (max-width: 512px) 100vw, 512px\" \/><\/figure><div class=\"wp-block-media-text__content\">\n<p class=\"has-text-align-center has-text-color\" style=\"color:#00a332;font-size:17px\"><strong>Nasze czasopisma, ka\u017cdy znajdzie co\u015b dla siebie:<\/strong><\/p>\n\n\n\n<div class=\"wp-block-group\"><div class=\"wp-block-group__inner-container is-layout-flow wp-block-group-is-layout-flow\">\n<ul class=\"has-dark-gray-color has-electric-grass-gradient-background has-text-color has-background wp-block-list\" style=\"font-size:15px\"><li>Holz Zentralblatt <\/li><li>BH Bauen+HolzExakt<\/li><li>HK Holz und Kunstoffverarbeitung<\/li><li>Surface MagazinLaminat <\/li><li>MagazinTuren Magazin<\/li><li>Furnier Magazin<\/li><li>MDF &amp;Co MagazinHolzbau <\/li><li>MagazinDesign+Beschlag<\/li><li>European Woodworking<\/li><\/ul>\n<\/div><\/div>\n<\/div><\/div>\n\n\n\n<div class=\"wp-block-columns is-layout-flex wp-container-core-columns-is-layout-9d6595d7 wp-block-columns-is-layout-flex\">\n<div class=\"wp-block-column is-layout-flow wp-block-column-is-layout-flow\">\n<figure class=\"wp-block-image size-large\"><img loading=\"lazy\" decoding=\"async\" width=\"954\" height=\"43\" src=\"http:\/\/holzzentralblatt.pl\/wp-content\/uploads\/2021\/06\/Przechwytywanie.jpg\" alt=\"\" class=\"wp-image-114\" srcset=\"https:\/\/holzzentralblatt.pl\/wp-content\/uploads\/2021\/06\/Przechwytywanie.jpg 954w, https:\/\/holzzentralblatt.pl\/wp-content\/uploads\/2021\/06\/Przechwytywanie-300x14.jpg 300w, https:\/\/holzzentralblatt.pl\/wp-content\/uploads\/2021\/06\/Przechwytywanie-768x35.jpg 768w, https:\/\/holzzentralblatt.pl\/wp-content\/uploads\/2021\/06\/Przechwytywanie-624x28.jpg 624w\" sizes=\"auto, (max-width: 954px) 100vw, 954px\" \/><\/figure>\n<\/div>\n<\/div>\n\n\n\n<p><\/p>\n","protected":false},"excerpt":{"rendered":"<p>Wiod\u0105ca gazeta bran\u017cy le\u015bnej i drzewnej. Holz-Zentralblatt jest ju\u017c w Polsce. \u201eHolz-Zentralblatt\u201c jest wiod\u0105cym w Niemczech czasopismem specjalistycznym dla gospodarki le\u015bnej i drzewnej. Gazeta wydawana jest od 144 lat, posiada prenumerator\u00f3w w 143 krajach \u015awiata. Co tydzie\u0144 10.000 prenumerator\u00f3w czyta najwa\u017cniejsze wiadomo\u015bci i \u015bledzi rozw\u00f3j sytuacji w gospodarce, nauce i polityce. Opr\u00f3cz tego najwa\u017cniejsze wydarzenia [&hellip;]<\/p>\n","protected":false},"author":1,"featured_media":0,"parent":0,"menu_order":0,"comment_status":"closed","ping_status":"closed","template":"page-templates\/front-page.php","meta":{"footnotes":""},"class_list":["post-82","page","type-page","status-publish","hentry"],"_links":{"self":[{"href":"https:\/\/holzzentralblatt.pl\/index.php\/wp-json\/wp\/v2\/pages\/82","targetHints":{"allow":["GET"]}}],"collection":[{"href":"https:\/\/holzzentralblatt.pl\/index.php\/wp-json\/wp\/v2\/pages"}],"about":[{"href":"https:\/\/holzzentralblatt.pl\/index.php\/wp-json\/wp\/v2\/types\/page"}],"author":[{"embeddable":true,"href":"https:\/\/holzzentralblatt.pl\/index.php\/wp-json\/wp\/v2\/users\/1"}],"replies":[{"embeddable":true,"href":"https:\/\/holzzentralblatt.pl\/index.php\/wp-json\/wp\/v2\/comments?post=82"}],"version-history":[{"count":41,"href":"https:\/\/holzzentralblatt.pl\/index.php\/wp-json\/wp\/v2\/pages\/82\/revisions"}],"predecessor-version":[{"id":596,"href":"https:\/\/holzzentralblatt.pl\/index.php\/wp-json\/wp\/v2\/pages\/82\/revisions\/596"}],"wp:attachment":[{"href":"https:\/\/holzzentralblatt.pl\/index.php\/wp-json\/wp\/v2\/media?parent=82"}],"curies":[{"name":"wp","href":"https:\/\/api.w.org\/{rel}","templated":true}]}}